{"id":511,"date":"2018-12-09T21:35:13","date_gmt":"2018-12-09T20:35:13","guid":{"rendered":"http:\/\/kosmetika-lenka.cz\/?page_id=511"},"modified":"2024-12-04T21:08:40","modified_gmt":"2024-12-04T20:08:40","slug":"cenik","status":"publish","type":"page","link":"https:\/\/kosmetika-lenka.cz\/?page_id=511","title":{"rendered":"Cen\u00edk"},"content":{"rendered":"<p style=\"text-align: center;\"><strong>SLU\u017dBY U LENKY JARO\u0160OV\u00c9&nbsp; LZE&nbsp;UHRADIT TAK\u00c9 PLATEBN\u00cd KARTOU<\/strong><\/p>\n<p style=\"text-align: center;\">Platnost cen\u00edku je od 1.1.2024<\/p>\n<hr>\n<p>&nbsp;<\/p>\n<p>&nbsp;<\/p>\n<p>&nbsp;<\/p>\n<table width=\"800\">\n<tbody>\n<tr>\n<th style=\"text-align: left;\" colspan=\"2\">SAMOSTATN\u00c9 KOSMETICK\u00c9 SLU\u017dBY<\/th>\n<\/tr>\n<tr>\n<td>Barven\u00ed \u0159as<\/td>\n<td style=\"text-align: right; width: 130px;\">135,- K\u010d<\/td>\n<\/tr>\n<tr>\n<td>Barven\u00ed obo\u010d\u00ed<\/td>\n<td style=\"text-align: right;\">135,- K\u010d<\/td>\n<\/tr>\n<tr>\n<td>Epilace obo\u010d\u00ed<\/td>\n<td style=\"text-align: right;\">140,- K\u010d<\/td>\n<\/tr>\n<tr>\n<td>Epilace obo\u010d\u00ed &#8211; nov\u00fd tvar<\/td>\n<td style=\"text-align: right;\">200,- K\u010d<\/td>\n<\/tr>\n<tr>\n<td>\u010ci\u0161t\u011bn\u00ed ultrazvukovou \u0161pachtl\u00ed<\/td>\n<td style=\"text-align: right;\">500,- K\u010d<\/td>\n<\/tr>\n<tr>\n<td>AHA chemick\u00fd peeling &#8211; 1 sezen\u00ed<\/td>\n<td style=\"text-align: right;\">860,- K\u010d<\/td>\n<\/tr>\n<tr>\n<td>AHA chemick\u00fd peeling &#8211; 3 sezen\u00ed<\/td>\n<td style=\"text-align: right;\">2.200,- K\u010d<\/td>\n<\/tr>\n<tr>\n<td>O\u0161et\u0159en\u00ed pleti kosmetick\u00fdm laserem &#8211; 1 sezen\u00ed<\/td>\n<td style=\"text-align: right;\">360,- K\u010d<\/td>\n<\/tr>\n<tr>\n<td>Mikrodermabraze<\/td>\n<td style=\"text-align: right;\">350,- K\u010d<\/td>\n<\/tr>\n<tr>\n<td>Oxygenoterapie&nbsp; obli\u010dej + krk<\/td>\n<td style=\"text-align: right;\">2.200,- K\u010d<\/td>\n<\/tr>\n<tr>\n<td>Oxygenoterapie&nbsp; obli\u010dej + krk + dekolt<\/td>\n<td style=\"text-align: right;\">2.400,- K\u010d<\/td>\n<\/tr>\n<tr>\n<td style=\"text-align: left;\" colspan=\"2\">HOLLYWOODSK\u00c1 3D-LIFTINGOV\u00c1 MAS\u00c1\u017d&nbsp; &#8211;&nbsp; cca 90 min. (mas\u00e1\u017e 3D, lifting s\u00e9rum, lifting maska a kr\u00e9m)<\/td>\n<\/tr>\n<tr>\n<td>1 o\u0161et\u0159en\u00ed&nbsp;<\/td>\n<td style=\"text-align: right;\">1.300,- K\u010d<\/td>\n<\/tr>\n<tr>\n<td>5&nbsp;o\u0161et\u0159en\u00ed &#8211; 1 k\u00fara jednou t\u00fddn\u011b&nbsp; &nbsp; &nbsp; (1 x 1.250,-K\u010d)&nbsp;<\/td>\n<td style=\"text-align: right;\">6.250,- K\u010d<\/td>\n<\/tr>\n<tr>\n<td>10 o\u0161et\u0159en\u00ed &#8211; 1 k\u00fara jednou t\u00fddn\u011b&nbsp; &nbsp; (1 x 1.220,- K\u010d, zdarma barven\u00ed a epilace obo\u010d\u00ed)&nbsp;<\/td>\n<td style=\"text-align: right;\">12.200,-&nbsp; K\u010d<\/td>\n<\/tr>\n<\/tbody>\n<\/table>\n<p>&nbsp;<\/p>\n<table width=\"800\">\n<tbody>\n<tr>\n<th style=\"text-align: left;\" colspan=\"2\">BAL\u00cd\u010cEK 1<\/th>\n<\/tr>\n<tr>\n<td>\u010ci\u0161t\u011bn\u00ed pleti&nbsp;+ vit. koncentr\u00e1t nebo protiakn\u00f3zn\u00ed koncentr\u00e1t zapracovan\u00fd laserem<\/td>\n<td style=\"text-align: right; width: 130px;\">1.020,- K\u010d<\/td>\n<\/tr>\n<tr>\n<th style=\"text-align: left;\" colspan=\"2\">BAL\u00cd\u010cEK 2<\/th>\n<\/tr>\n<tr>\n<td>Mas\u00e1\u017e obli\u010deje, krku a dekoltu + protivr\u00e1skov\u00fd koncentr\u00e1t + maska<\/td>\n<td style=\"text-align: right;\">1.340,- K\u010d<\/td>\n<\/tr>\n<tr>\n<th style=\"text-align: left;\" colspan=\"2\">BAL\u00cd\u010cEK 3<br \/>\n<u>Dermica Pen<\/u> \u2013 mikrojehli\u010dkov\u00e1 mezoterapie je o\u0161et\u0159en\u00ed, p\u0159i kter\u00e9m se aplikuj\u00ed r\u016fzn\u00e1 protivr\u00e1skov\u00e1 a l\u00e9\u010debn\u00e1 s\u00e9ra do poko\u017eky &#8211; (inovativn\u00ed metoda o\u0161et\u0159en\u00ed: vhodn\u00e1 pro v\u0161echny v\u011bkov\u00e9 kategorie, aktivuje tvorbu vlastn\u00edho kolagenu vhodn\u00e1 i na akn\u00e9)&nbsp; &nbsp; &nbsp; &nbsp; &nbsp; &nbsp; &nbsp; &nbsp; &nbsp; &nbsp; &nbsp; <strong>Proveditelnost z\u00e1kroku pouze 1x m\u011bs\u00ed\u010dn\u011b<\/strong><\/th>\n<\/tr>\n<tr>\n<td>Cel\u00fd obli\u010dej + dekolt<\/td>\n<td style=\"text-align: right;\">2.400,- K\u010d<\/td>\n<\/tr>\n<tr>\n<td>Obli\u010dej \u2013 probl\u00e9mov\u00e9 partie<\/td>\n<td style=\"text-align: right;\">2.100,- K\u010d<\/td>\n<\/tr>\n<tr>\n<td>Rozb\u00edjen\u00ed tukov\u00fdch pol\u0161t\u00e1\u0159k\u016f<\/td>\n<td style=\"text-align: right;\">1.700,- K\u010d<\/td>\n<\/tr>\n<tr>\n<th style=\"text-align: left;\" colspan=\"2\">BAL\u00cd\u010cEK 4<\/th>\n<\/tr>\n<tr>\n<td>Kosmetick\u00e9 o\u0161et\u0159en\u00ed se speci\u00e1ln\u00edmi p\u0159\u00edpravky k&nbsp;omlazen\u00ed i k&nbsp;l\u00e9\u010db\u011b poko\u017eky&nbsp; &nbsp;<\/td>\n<td style=\"text-align: right;\">1.300-1.700,- K\u010d<\/td>\n<\/tr>\n<\/tbody>\n<\/table>\n<p>&nbsp;<\/p>\n<table width=\"800\">\n<tbody>\n<tr>\n<th style=\"text-align: left;\" colspan=\"2\"><strong>L\u00cd\u010cEN\u00cd<\/strong><\/th>\n<\/tr>\n<tr>\n<td>Denn\u00ed mal\u00e9<\/td>\n<td style=\"text-align: right; width: 130px;\">500,- K\u010d<\/td>\n<\/tr>\n<tr>\n<td>Denn\u00ed velk\u00e9<\/td>\n<td style=\"text-align: right; width: 130px;\">700,- K\u010d<\/td>\n<\/tr>\n<tr>\n<td>Zkou\u0161ka l\u00ed\u010den\u00ed<\/td>\n<td style=\"text-align: right; width: 130px;\">750,- K\u010d<\/td>\n<\/tr>\n<tr>\n<td>Svatebn\u00ed&nbsp;<\/td>\n<td style=\"text-align: right;\">1.600,- K\u010d<\/td>\n<\/tr>\n<tr>\n<td>Ve\u010dern\u00ed spole\u010densk\u00e9<\/td>\n<td style=\"text-align: right;\">1.200,- K\u010d<\/td>\n<\/tr>\n<\/tbody>\n<\/table>\n<p>&nbsp;<\/p>\n<table width=\"800\">\n<tbody>\n<tr>\n<th style=\"text-align: left;\" colspan=\"2\"><strong>EPILACE, DEPILACE&nbsp; &nbsp; &nbsp; &nbsp; &nbsp; &nbsp; &nbsp; &nbsp; &nbsp; &nbsp; &nbsp; &nbsp; &nbsp; &nbsp; &nbsp; &nbsp; &nbsp; &nbsp; &nbsp; &nbsp; &nbsp; &nbsp; &nbsp; &nbsp; &nbsp; &nbsp; &nbsp;<\/strong>&nbsp;<i>(Neprov\u00e1d\u00edme Brazilskou depilaci &#8211; &#8222;Brazilku&#8220;)<\/i><\/th>\n<\/tr>\n<tr>\n<td>Horn\u00ed ret<\/td>\n<td style=\"text-align: right; width: 130px;\">100,- K\u010d<\/td>\n<\/tr>\n<tr>\n<td>Horn\u00ed ret + brada<\/td>\n<td style=\"text-align: right;\">140,- K\u010d<\/td>\n<\/tr>\n<tr>\n<td>Horn\u00ed ret, brada a tv\u00e1\u0159e (dle rozsahu)<\/td>\n<td style=\"text-align: right;\">300,- K\u010d<\/td>\n<\/tr>\n<tr>\n<td>Horn\u00ed kon\u010detiny<\/td>\n<td style=\"text-align: right; width: 130px;\">300,- K\u010d<\/td>\n<\/tr>\n<tr>\n<td>Doln\u00ed kon\u010detiny &#8211; l\u00fdtko + holenn\u00ed \u010d\u00e1st<\/td>\n<td style=\"text-align: right; width: 130px;\">350,- K\u010d<\/td>\n<\/tr>\n<tr>\n<td>Doln\u00ed kon\u010detiny &#8211; stehenn\u00ed \u010d\u00e1st<\/td>\n<td style=\"text-align: right; width: 130px;\">450,- K\u010d<\/td>\n<\/tr>\n<tr>\n<td>H\u00fd\u017ed\u011b (dle rozsahu)<\/td>\n<td style=\"text-align: right; width: 130px;\">500,- K\u010d<\/td>\n<\/tr>\n<tr>\n<td>T\u0159\u00edsla (dle rozsahu)<\/td>\n<td style=\"text-align: right; width: 130px;\">350,- K\u010d<\/td>\n<\/tr>\n<tr>\n<td>Z\u00e1da (dle rozsahu)<\/td>\n<td style=\"text-align: right; width: 130px;\">700,- K\u010d<\/td>\n<\/tr>\n<tr>\n<td>Hrudn\u00edk (dle rozsahu)<\/td>\n<td style=\"text-align: right; width: 130px;\">700,- K\u010d<\/td>\n<\/tr>\n<tr>\n<td>Podpa\u017e\u00ed<\/td>\n<td style=\"text-align: right; width: 130px;\">300,- K\u010d<\/td>\n<\/tr>\n<\/tbody>\n<\/table>\n<p>&nbsp;<\/p>\n<table width=\"800\">\n<tbody>\n<tr>\n<td>Omlazuj\u00edc\u00ed a l\u00e9\u010debn\u00e9 k\u00fary<\/td>\n<td style=\"text-align: right; width: 130px;\">1.700,- K\u010d<\/td>\n<\/tr>\n<\/tbody>\n<\/table>\n<div>&nbsp;<\/div>\n<div>\n<table width=\"800\">\n<tbody>\n<tr>\n<td>MERLIN &#8211; Laserov\u00e9 o\u0161et\u0159en\u00ed s&nbsp;vitam\u00edny&nbsp; &nbsp;(15 min.)<\/td>\n<td style=\"text-align: right; width: 130px;\">460,- K\u010d<\/td>\n<\/tr>\n<tr>\n<td>MERLIN &#8211; Laserov\u00e9 o\u0161et\u0159en\u00ed akn\u00e9 &#8211; 1 k\u00fara&nbsp; &nbsp;(15 min.)<\/td>\n<td style=\"text-align: right;\">460,- K\u010d<\/td>\n<\/tr>\n<tr>\n<td>MERLIN &#8211; laserov\u00e9 o\u0161et\u0159en\u00ed akn\u00e9 &#8211; 12 k\u00far<\/td>\n<td style=\"text-align: right; width: 100px;\">4.950,- K\u010d<\/td>\n<\/tr>\n<\/tbody>\n<\/table>\n<\/div>\n<div>\n<p>&nbsp;<\/p>\n<\/div>\n<div>\n<table width=\"800\">\n<tbody>\n<tr>\n<td>OMNILUX o\u0161et\u0159en\u00ed &#8211; masky + vitam\u00edny&nbsp; (20 min. max )<\/td>\n<td style=\"text-align: right; width: 130px;\">550,- K\u010d<\/td>\n<\/tr>\n<tr>\n<td>OMNILUX maska na \u017eilky&nbsp;<\/td>\n<td style=\"text-align: right;\">820,- K\u010d<\/td>\n<\/tr>\n<tr>\n<td>Mezoterapie s aplikac\u00ed vitaminov\u00fdch koktejl\u016f + maska<\/td>\n<td style=\"text-align: right;\">1.500,- K\u010d<\/td>\n<\/tr>\n<\/tbody>\n<\/table>\n<\/div>\n<div>\n<p>&nbsp;<\/p>\n<\/div>\n<div>\n<table width=\"800\">\n<tbody>\n<tr>\n<td>Lash Lifting a Lash Botox<\/td>\n<td style=\"text-align: right; width: 130px;\">1.300,- K\u010d<\/td>\n<\/tr>\n<tr>\n<td>Laminace obo\u010d\u00ed<\/td>\n<td style=\"text-align: right;\">1.020,- K\u010d<\/td>\n<\/tr>\n<\/tbody>\n<\/table>\n<\/div>\n<div>\n<p>&nbsp;<\/p>\n<\/div>\n<div>\n<table style=\"height: 185px;\" width=\"800\">\n<tbody>\n<tr>\n<th style=\"text-align: left;\" colspan=\"2\"><strong>PERMANENTN\u00cd MAKE-UP<\/strong><\/th>\n<\/tr>\n<tr>\n<td>Linky horn\u00ed&nbsp;&nbsp;<\/td>\n<td style=\"text-align: right; width: 130px;\">3.500,- K\u010d<\/td>\n<\/tr>\n<tr>\n<td>Linky spodn\u00ed<\/td>\n<td style=\"text-align: right;\">3.500,- K\u010d<\/td>\n<\/tr>\n<tr>\n<td>Obo\u010d\u00ed klasickou metodou<\/td>\n<td style=\"text-align: right; width: 130px;\">4.100,- K\u010d<\/td>\n<\/tr>\n<tr>\n<td>Obo\u010d\u00ed pudrovou metodou nebo st\u00ednov\u00e1n\u00edm<\/td>\n<td style=\"text-align: right; width: 130px;\">4.600,- K\u010d<\/td>\n<\/tr>\n<tr>\n<td><strong>Microblading<\/strong> obo\u010d\u00ed + <strong>Calligraph<\/strong> ru\u010dn\u00ed metoda<\/td>\n<td style=\"text-align: right; width: 130px;\">4.500,- K\u010d<\/td>\n<\/tr>\n<\/tbody>\n<\/table>\n<\/div>\n<div>&nbsp;<\/div>\n<div>\n<table width=\"800\">\n<tbody>\n<tr>\n<th style=\"text-align: left;\" colspan=\"2\"><strong>N\u00c1ST\u0158EL &nbsp;N\u00c1U\u0160NIC<\/strong><\/th>\n<\/tr>\n<tr>\n<td>N\u00e1st\u0159el v\u010detn\u011b n\u00e1u\u0161nic<\/td>\n<td style=\"text-align: right; width: 130px;\">700,- K\u010d<\/td>\n<\/tr>\n<\/tbody>\n<\/table>\n<\/div>\n","protected":false},"excerpt":{"rendered":"<p>SLU\u017dBY U LENKY JARO\u0160OV\u00c9&nbsp; LZE&nbsp;UHRADIT TAK\u00c9 PLATEBN\u00cd KARTOU Platnost cen\u00edku je od 1.1.2024 &nbsp; &nbsp; &nbsp; SAMOSTATN\u00c9 KOSMETICK\u00c9 SLU\u017dBY Barven\u00ed \u0159as 135,- K\u010d Barven\u00ed obo\u010d\u00ed 135,- K\u010d Epilace obo\u010d\u00ed 140,- K\u010d Epilace obo\u010d\u00ed &#8211; nov\u00fd<a class=\"read-more\" href=\"https:\/\/kosmetika-lenka.cz\/?page_id=511\">Continue reading<\/a><\/p>\n","protected":false},"author":1,"featured_media":0,"parent":0,"menu_order":0,"comment_status":"closed","ping_status":"closed","template":"page-templates\/page_fullwidth.php","meta":{"ngg_post_thumbnail":0,"footnotes":""},"_links":{"self":[{"href":"https:\/\/kosmetika-lenka.cz\/index.php?rest_route=\/wp\/v2\/pages\/511"}],"collection":[{"href":"https:\/\/kosmetika-lenka.cz\/index.php?rest_route=\/wp\/v2\/pages"}],"about":[{"href":"https:\/\/kosmetika-lenka.cz\/index.php?rest_route=\/wp\/v2\/types\/page"}],"author":[{"embeddable":true,"href":"https:\/\/kosmetika-lenka.cz\/index.php?rest_route=\/wp\/v2\/users\/1"}],"replies":[{"embeddable":true,"href":"https:\/\/kosmetika-lenka.cz\/index.php?rest_route=%2Fwp%2Fv2%2Fcomments&post=511"}],"version-history":[{"count":46,"href":"https:\/\/kosmetika-lenka.cz\/index.php?rest_route=\/wp\/v2\/pages\/511\/revisions"}],"predecessor-version":[{"id":3029,"href":"https:\/\/kosmetika-lenka.cz\/index.php?rest_route=\/wp\/v2\/pages\/511\/revisions\/3029"}],"wp:attachment":[{"href":"https:\/\/kosmetika-lenka.cz\/index.php?rest_route=%2Fwp%2Fv2%2Fmedia&parent=511"}],"curies":[{"name":"wp","href":"https:\/\/api.w.org\/{rel}","templated":true}]}}