{"id":427,"date":"2018-10-29T20:22:25","date_gmt":"2018-10-29T19:22:25","guid":{"rendered":"http:\/\/kosmetika-lenka.cz\/?page_id=427"},"modified":"2018-12-27T12:47:58","modified_gmt":"2018-12-27T11:47:58","slug":"nabidka","status":"publish","type":"page","link":"https:\/\/kosmetika-lenka.cz\/?page_id=427","title":{"rendered":"Nab\u00eddka slu\u017eeb"},"content":{"rendered":"<div class=\"container-fluid\">\n<div class=\"row\">\n<div class=\"col-sm-4\">\n<a href=\"https:\/\/kosmetika-lenka.cz\/?p=51\" rel=\"bookmark\"><\/p>\n<h2 style=\"background-color: #ef7aad; color: #ffffff; padding: 10px;\">Kosmetick\u00e9 slu\u017eby<\/h2>\n<p><img loading=\"lazy\" decoding=\"async\" class=\"attachment-oria-carousel size-oria-carousel wp-post-image\" src=\"https:\/\/kosmetika-lenka.cz\/wp-content\/uploads\/2016\/11\/Kosmeticke-sluzby-390x260.jpg\" sizes=\"(max-width: 390px) 100vw, 390px\" srcset=\"https:\/\/kosmetika-lenka.cz\/wp-content\/uploads\/2016\/11\/Kosmeticke-sluzby-390x260.jpg 390w, https:\/\/kosmetika-lenka.cz\/wp-content\/uploads\/2016\/11\/Kosmeticke-sluzby-300x200.jpg 300w, https:\/\/kosmetika-lenka.cz\/wp-content\/uploads\/2016\/11\/Kosmeticke-sluzby-768x512.jpg 768w, https:\/\/kosmetika-lenka.cz\/wp-content\/uploads\/2016\/11\/Kosmeticke-sluzby-1024x683.jpg 1024w, https:\/\/kosmetika-lenka.cz\/wp-content\/uploads\/2016\/11\/Kosmeticke-sluzby-520x347.jpg 520w, https:\/\/kosmetika-lenka.cz\/wp-content\/uploads\/2016\/11\/Kosmeticke-sluzby-740x493.jpg 740w\" alt=\"\" width=\"390\" height=\"260\"><br \/>\n<\/a>\n<\/div>\n<div class=\"col-sm-4\">\n<a href=\"https:\/\/kosmetika-lenka.cz\/?p=268\" rel=\"bookmark\"><\/p>\n<h2 style=\"background-color: #ef7aad; color: #ffffff; padding: 10px;\">Permanentn\u00ed make-up<\/h2>\n<p><img loading=\"lazy\" decoding=\"async\" class=\"attachment-oria-carousel size-oria-carousel wp-post-image\" src=\"https:\/\/kosmetika-lenka.cz\/wp-content\/uploads\/2018\/10\/Lifting-390x260.jpg\" alt=\"\" width=\"390\" height=\"260\"><br \/>\n<\/a>\n<\/div>\n<div class=\"col-sm-4\">\n<a href=\"https:\/\/kosmetika-lenka.cz\/?p=297\" rel=\"bookmark\"><\/p>\n<h2 style=\"background-color: #ef7aad; color: #ffffff; padding: 10px;\">Profesion\u00e1ln\u00ed mas\u00e1\u017ee<\/h2>\n<p><img loading=\"lazy\" decoding=\"async\" class=\"attachment-oria-carousel size-oria-carousel wp-post-image\" src=\"https:\/\/kosmetika-lenka.cz\/wp-content\/uploads\/2018\/10\/Masaz-zeny-390x260.jpg\" sizes=\"(max-width: 390px) 100vw, 390px\" srcset=\"https:\/\/kosmetika-lenka.cz\/wp-content\/uploads\/2018\/10\/Masaz-zeny-390x260.jpg 390w, https:\/\/kosmetika-lenka.cz\/wp-content\/uploads\/2018\/10\/Masaz-zeny-300x200.jpg 300w, https:\/\/kosmetika-lenka.cz\/wp-content\/uploads\/2018\/10\/Masaz-zeny-768x512.jpg 768w, https:\/\/kosmetika-lenka.cz\/wp-content\/uploads\/2018\/10\/Masaz-zeny-1024x683.jpg 1024w, https:\/\/kosmetika-lenka.cz\/wp-content\/uploads\/2018\/10\/Masaz-zeny-520x347.jpg 520w, https:\/\/kosmetika-lenka.cz\/wp-content\/uploads\/2018\/10\/Masaz-zeny-740x493.jpg 740w\" alt=\"\" width=\"390\" height=\"260\"><br \/>\n<\/a>\n<\/div>\n<\/div>\n<div class=\"row\">\n<div class=\"col-sm-4\">\n<a href=\"https:\/\/kosmetika-lenka.cz\/?p=300\" rel=\"bookmark\"><\/p>\n<h2 style=\"background-color: #ef7aad; color: #ffffff; padding: 10px;\">Nast\u0159elov\u00e1n\u00ed n\u00e1u\u0161nic<\/h2>\n<p><img loading=\"lazy\" decoding=\"async\" class=\"attachment-oria-carousel size-oria-carousel wp-post-image\" src=\"https:\/\/kosmetika-lenka.cz\/wp-content\/uploads\/2018\/10\/Nastrelovani-nausnic-390x260.jpg\" sizes=\"(max-width: 390px) 100vw, 390px\" srcset=\"https:\/\/kosmetika-lenka.cz\/wp-content\/uploads\/2018\/10\/Nastrelovani-nausnic-390x260.jpg 390w, https:\/\/kosmetika-lenka.cz\/wp-content\/uploads\/2018\/10\/Nastrelovani-nausnic-300x200.jpg 300w, https:\/\/kosmetika-lenka.cz\/wp-content\/uploads\/2018\/10\/Nastrelovani-nausnic-768x512.jpg 768w, https:\/\/kosmetika-lenka.cz\/wp-content\/uploads\/2018\/10\/Nastrelovani-nausnic-1024x683.jpg 1024w, https:\/\/kosmetika-lenka.cz\/wp-content\/uploads\/2018\/10\/Nastrelovani-nausnic-520x347.jpg 520w, https:\/\/kosmetika-lenka.cz\/wp-content\/uploads\/2018\/10\/Nastrelovani-nausnic-740x493.jpg 740w\" alt=\"\" width=\"390\" height=\"260\"><br \/>\n<\/a>\n<\/div>\n<div class=\"col-sm-4\">\n<a href=\"https:\/\/kosmetika-lenka.cz\/?p=319\" rel=\"bookmark\"><\/p>\n<h2 style=\"background-color: #ef7aad; color: #ffffff; padding: 10px;\">Prodej kosmetiky<\/h2>\n<p><img loading=\"lazy\" decoding=\"async\" class=\"attachment-oria-carousel size-oria-carousel wp-post-image\" src=\"https:\/\/kosmetika-lenka.cz\/wp-content\/uploads\/2018\/10\/Olej-a-kvetiny-390x260.jpg\" alt=\"\" width=\"390\" height=\"260\"><br \/>\n<\/a>\n<\/div>\n<\/div>\n<\/div>\n","protected":false},"excerpt":{"rendered":"<p>Kosmetick\u00e9 slu\u017eby Permanentn\u00ed make-up Profesion\u00e1ln\u00ed mas\u00e1\u017ee Nast\u0159elov\u00e1n\u00ed n\u00e1u\u0161nic Prodej kosmetiky<\/p>\n","protected":false},"author":1,"featured_media":0,"parent":0,"menu_order":0,"comment_status":"closed","ping_status":"closed","template":"page-templates\/page_fullwidth.php","meta":{"ngg_post_thumbnail":0,"footnotes":""},"_links":{"self":[{"href":"https:\/\/kosmetika-lenka.cz\/index.php?rest_route=\/wp\/v2\/pages\/427"}],"collection":[{"href":"https:\/\/kosmetika-lenka.cz\/index.php?rest_route=\/wp\/v2\/pages"}],"about":[{"href":"https:\/\/kosmetika-lenka.cz\/index.php?rest_route=\/wp\/v2\/types\/page"}],"author":[{"embeddable":true,"href":"https:\/\/kosmetika-lenka.cz\/index.php?rest_route=\/wp\/v2\/users\/1"}],"replies":[{"embeddable":true,"href":"https:\/\/kosmetika-lenka.cz\/index.php?rest_route=%2Fwp%2Fv2%2Fcomments&post=427"}],"version-history":[{"count":10,"href":"https:\/\/kosmetika-lenka.cz\/index.php?rest_route=\/wp\/v2\/pages\/427\/revisions"}],"predecessor-version":[{"id":636,"href":"https:\/\/kosmetika-lenka.cz\/index.php?rest_route=\/wp\/v2\/pages\/427\/revisions\/636"}],"wp:attachment":[{"href":"https:\/\/kosmetika-lenka.cz\/index.php?rest_route=%2Fwp%2Fv2%2Fmedia&parent=427"}],"curies":[{"name":"wp","href":"https:\/\/api.w.org\/{rel}","templated":true}]}}