{"id":186,"date":"2018-10-21T16:12:35","date_gmt":"2018-10-21T14:12:35","guid":{"rendered":"http:\/\/kosmetika-lenka.cz\/?page_id=186"},"modified":"2024-12-08T18:19:30","modified_gmt":"2024-12-08T17:19:30","slug":"prispevky","status":"publish","type":"page","link":"https:\/\/kosmetika-lenka.cz\/?page_id=186","title":{"rendered":"Novinky"},"content":{"rendered":"<h1 style=\"text-align: center;\"><span style=\"color: #ff0000;\"><span style=\"color: #000000;\">SKV\u011aL\u00c9 NAB\u00cdDKY P\u0158\u00cdMO PRO V\u00c1S<\/span><\/span><\/h1>\n<p>&nbsp;<\/p>\n<p>&nbsp;<\/p>\n<p>&nbsp;<\/p>\n<p><img loading=\"lazy\" decoding=\"async\" class=\"aligncenter  wp-image-3043\" src=\"https:\/\/kosmetika-lenka.cz\/wp-content\/uploads\/2024\/12\/DermaOxy-scaled.jpg\" alt=\"\" width=\"760\" height=\"697\" srcset=\"https:\/\/kosmetika-lenka.cz\/wp-content\/uploads\/2024\/12\/DermaOxy-scaled.jpg 2560w, https:\/\/kosmetika-lenka.cz\/wp-content\/uploads\/2024\/12\/DermaOxy-300x275.jpg 300w, https:\/\/kosmetika-lenka.cz\/wp-content\/uploads\/2024\/12\/DermaOxy-1024x939.jpg 1024w, https:\/\/kosmetika-lenka.cz\/wp-content\/uploads\/2024\/12\/DermaOxy-768x704.jpg 768w, https:\/\/kosmetika-lenka.cz\/wp-content\/uploads\/2024\/12\/DermaOxy-1536x1408.jpg 1536w, https:\/\/kosmetika-lenka.cz\/wp-content\/uploads\/2024\/12\/DermaOxy-2048x1878.jpg 2048w, https:\/\/kosmetika-lenka.cz\/wp-content\/uploads\/2024\/12\/DermaOxy-520x477.jpg 520w, https:\/\/kosmetika-lenka.cz\/wp-content\/uploads\/2024\/12\/DermaOxy-740x678.jpg 740w\" sizes=\"(max-width: 760px) 100vw, 760px\" \/><\/p>\n<p style=\"text-align: center;\"><img loading=\"lazy\" decoding=\"async\" class=\"wp-image-2606 alignnone\" src=\"https:\/\/kosmetika-lenka.cz\/wp-content\/uploads\/2024\/01\/Hollywoodsk\u00e1-3D-lifting.mas\u00e1\u017e.jpg\" alt=\"\" width=\"765\" height=\"766\" srcset=\"https:\/\/kosmetika-lenka.cz\/wp-content\/uploads\/2024\/01\/Hollywoodsk\u00e1-3D-lifting.mas\u00e1\u017e.jpg 6033w, https:\/\/kosmetika-lenka.cz\/wp-content\/uploads\/2024\/01\/Hollywoodsk\u00e1-3D-lifting.mas\u00e1\u017e-150x150.jpg 150w, https:\/\/kosmetika-lenka.cz\/wp-content\/uploads\/2024\/01\/Hollywoodsk\u00e1-3D-lifting.mas\u00e1\u017e-300x300.jpg 300w, https:\/\/kosmetika-lenka.cz\/wp-content\/uploads\/2024\/01\/Hollywoodsk\u00e1-3D-lifting.mas\u00e1\u017e-768x769.jpg 768w, https:\/\/kosmetika-lenka.cz\/wp-content\/uploads\/2024\/01\/Hollywoodsk\u00e1-3D-lifting.mas\u00e1\u017e-1022x1024.jpg 1022w, https:\/\/kosmetika-lenka.cz\/wp-content\/uploads\/2024\/01\/Hollywoodsk\u00e1-3D-lifting.mas\u00e1\u017e-520x521.jpg 520w, https:\/\/kosmetika-lenka.cz\/wp-content\/uploads\/2024\/01\/Hollywoodsk\u00e1-3D-lifting.mas\u00e1\u017e-740x741.jpg 740w\" sizes=\"(max-width: 765px) 100vw, 765px\" \/><\/p>\n<p style=\"text-align: center;\"><img loading=\"lazy\" decoding=\"async\" class=\"aligncenter wp-image-2423\" src=\"https:\/\/kosmetika-lenka.cz\/wp-content\/uploads\/2023\/10\/Dr.-Grandel-Beauty-Date-1.jpg\" alt=\"\" width=\"767\" height=\"959\" srcset=\"https:\/\/kosmetika-lenka.cz\/wp-content\/uploads\/2023\/10\/Dr.-Grandel-Beauty-Date-1.jpg 4552w, https:\/\/kosmetika-lenka.cz\/wp-content\/uploads\/2023\/10\/Dr.-Grandel-Beauty-Date-1-240x300.jpg 240w, https:\/\/kosmetika-lenka.cz\/wp-content\/uploads\/2023\/10\/Dr.-Grandel-Beauty-Date-1-768x960.jpg 768w, https:\/\/kosmetika-lenka.cz\/wp-content\/uploads\/2023\/10\/Dr.-Grandel-Beauty-Date-1-819x1024.jpg 819w, https:\/\/kosmetika-lenka.cz\/wp-content\/uploads\/2023\/10\/Dr.-Grandel-Beauty-Date-1-520x650.jpg 520w, https:\/\/kosmetika-lenka.cz\/wp-content\/uploads\/2023\/10\/Dr.-Grandel-Beauty-Date-1-740x925.jpg 740w\" sizes=\"(max-width: 767px) 100vw, 767px\" \/><\/p>\n<h1 style=\"text-align: center;\"><img loading=\"lazy\" decoding=\"async\" class=\"aligncenter wp-image-2425\" src=\"https:\/\/kosmetika-lenka.cz\/wp-content\/uploads\/2023\/10\/PHYRIS-FoRest.jpg\" alt=\"\" width=\"772\" height=\"824\" srcset=\"https:\/\/kosmetika-lenka.cz\/wp-content\/uploads\/2023\/10\/PHYRIS-FoRest.jpg 4690w, https:\/\/kosmetika-lenka.cz\/wp-content\/uploads\/2023\/10\/PHYRIS-FoRest-281x300.jpg 281w, https:\/\/kosmetika-lenka.cz\/wp-content\/uploads\/2023\/10\/PHYRIS-FoRest-768x819.jpg 768w, https:\/\/kosmetika-lenka.cz\/wp-content\/uploads\/2023\/10\/PHYRIS-FoRest-960x1024.jpg 960w, https:\/\/kosmetika-lenka.cz\/wp-content\/uploads\/2023\/10\/PHYRIS-FoRest-520x555.jpg 520w, https:\/\/kosmetika-lenka.cz\/wp-content\/uploads\/2023\/10\/PHYRIS-FoRest-740x790.jpg 740w\" sizes=\"(max-width: 772px) 100vw, 772px\" \/><\/h1>\n<h1 style=\"text-align: center;\"><img loading=\"lazy\" decoding=\"async\" class=\"aligncenter wp-image-2422\" src=\"https:\/\/kosmetika-lenka.cz\/wp-content\/uploads\/2023\/10\/ARABESQUE-Coral-1.jpg\" alt=\"\" width=\"776\" height=\"627\" srcset=\"https:\/\/kosmetika-lenka.cz\/wp-content\/uploads\/2023\/10\/ARABESQUE-Coral-1.jpg 5322w, https:\/\/kosmetika-lenka.cz\/wp-content\/uploads\/2023\/10\/ARABESQUE-Coral-1-300x243.jpg 300w, https:\/\/kosmetika-lenka.cz\/wp-content\/uploads\/2023\/10\/ARABESQUE-Coral-1-768x621.jpg 768w, https:\/\/kosmetika-lenka.cz\/wp-content\/uploads\/2023\/10\/ARABESQUE-Coral-1-1024x828.jpg 1024w, https:\/\/kosmetika-lenka.cz\/wp-content\/uploads\/2023\/10\/ARABESQUE-Coral-1-520x421.jpg 520w, https:\/\/kosmetika-lenka.cz\/wp-content\/uploads\/2023\/10\/ARABESQUE-Coral-1-740x599.jpg 740w\" sizes=\"(max-width: 776px) 100vw, 776px\" \/><\/h1>\n<h1 style=\"text-align: center;\"><img loading=\"lazy\" decoding=\"async\" class=\"aligncenter wp-image-2436\" src=\"https:\/\/kosmetika-lenka.cz\/wp-content\/uploads\/2023\/10\/nab\u00eddka-purl\u00e9s-1.jpg\" alt=\"\" width=\"777\" height=\"479\" srcset=\"https:\/\/kosmetika-lenka.cz\/wp-content\/uploads\/2023\/10\/nab\u00eddka-purl\u00e9s-1.jpg 6207w, https:\/\/kosmetika-lenka.cz\/wp-content\/uploads\/2023\/10\/nab\u00eddka-purl\u00e9s-1-300x185.jpg 300w, https:\/\/kosmetika-lenka.cz\/wp-content\/uploads\/2023\/10\/nab\u00eddka-purl\u00e9s-1-768x474.jpg 768w, https:\/\/kosmetika-lenka.cz\/wp-content\/uploads\/2023\/10\/nab\u00eddka-purl\u00e9s-1-1024x632.jpg 1024w, https:\/\/kosmetika-lenka.cz\/wp-content\/uploads\/2023\/10\/nab\u00eddka-purl\u00e9s-1-520x321.jpg 520w, https:\/\/kosmetika-lenka.cz\/wp-content\/uploads\/2023\/10\/nab\u00eddka-purl\u00e9s-1-740x456.jpg 740w\" sizes=\"(max-width: 777px) 100vw, 777px\" \/><\/h1>\n<h1 style=\"text-align: center;\"><img loading=\"lazy\" decoding=\"async\" class=\"aligncenter wp-image-2437\" src=\"https:\/\/kosmetika-lenka.cz\/wp-content\/uploads\/2023\/10\/nab\u00eddka-purl\u00e9s-2.jpg\" alt=\"\" width=\"760\" height=\"469\" srcset=\"https:\/\/kosmetika-lenka.cz\/wp-content\/uploads\/2023\/10\/nab\u00eddka-purl\u00e9s-2.jpg 6206w, https:\/\/kosmetika-lenka.cz\/wp-content\/uploads\/2023\/10\/nab\u00eddka-purl\u00e9s-2-300x185.jpg 300w, https:\/\/kosmetika-lenka.cz\/wp-content\/uploads\/2023\/10\/nab\u00eddka-purl\u00e9s-2-768x474.jpg 768w, https:\/\/kosmetika-lenka.cz\/wp-content\/uploads\/2023\/10\/nab\u00eddka-purl\u00e9s-2-1024x632.jpg 1024w, https:\/\/kosmetika-lenka.cz\/wp-content\/uploads\/2023\/10\/nab\u00eddka-purl\u00e9s-2-520x321.jpg 520w, https:\/\/kosmetika-lenka.cz\/wp-content\/uploads\/2023\/10\/nab\u00eddka-purl\u00e9s-2-740x456.jpg 740w\" sizes=\"(max-width: 760px) 100vw, 760px\" \/><\/h1>\n<h1 style=\"text-align: center;\"><img loading=\"lazy\" decoding=\"async\" class=\"aligncenter wp-image-2438\" src=\"https:\/\/kosmetika-lenka.cz\/wp-content\/uploads\/2023\/10\/nab\u00eddka-purl\u00e9s-3.jpg\" alt=\"\" width=\"740\" height=\"457\" srcset=\"https:\/\/kosmetika-lenka.cz\/wp-content\/uploads\/2023\/10\/nab\u00eddka-purl\u00e9s-3.jpg 6207w, https:\/\/kosmetika-lenka.cz\/wp-content\/uploads\/2023\/10\/nab\u00eddka-purl\u00e9s-3-300x185.jpg 300w, https:\/\/kosmetika-lenka.cz\/wp-content\/uploads\/2023\/10\/nab\u00eddka-purl\u00e9s-3-768x474.jpg 768w, https:\/\/kosmetika-lenka.cz\/wp-content\/uploads\/2023\/10\/nab\u00eddka-purl\u00e9s-3-1024x632.jpg 1024w, https:\/\/kosmetika-lenka.cz\/wp-content\/uploads\/2023\/10\/nab\u00eddka-purl\u00e9s-3-520x321.jpg 520w, https:\/\/kosmetika-lenka.cz\/wp-content\/uploads\/2023\/10\/nab\u00eddka-purl\u00e9s-3-740x456.jpg 740w\" sizes=\"(max-width: 740px) 100vw, 740px\" \/><\/h1>\n<h1 style=\"text-align: center;\"><img loading=\"lazy\" decoding=\"async\" class=\"aligncenter wp-image-2428\" src=\"https:\/\/kosmetika-lenka.cz\/wp-content\/uploads\/2023\/10\/STROJEK-NA-MAKEUP.jpg\" alt=\"\" width=\"708\" height=\"652\" srcset=\"https:\/\/kosmetika-lenka.cz\/wp-content\/uploads\/2023\/10\/STROJEK-NA-MAKEUP.jpg 3971w, https:\/\/kosmetika-lenka.cz\/wp-content\/uploads\/2023\/10\/STROJEK-NA-MAKEUP-300x276.jpg 300w, https:\/\/kosmetika-lenka.cz\/wp-content\/uploads\/2023\/10\/STROJEK-NA-MAKEUP-768x707.jpg 768w, https:\/\/kosmetika-lenka.cz\/wp-content\/uploads\/2023\/10\/STROJEK-NA-MAKEUP-1024x943.jpg 1024w, https:\/\/kosmetika-lenka.cz\/wp-content\/uploads\/2023\/10\/STROJEK-NA-MAKEUP-520x479.jpg 520w, https:\/\/kosmetika-lenka.cz\/wp-content\/uploads\/2023\/10\/STROJEK-NA-MAKEUP-740x682.jpg 740w\" sizes=\"(max-width: 708px) 100vw, 708px\" \/><\/h1>\n<p>&nbsp;<br \/>\n<img loading=\"lazy\" decoding=\"async\" class=\"aligncenter wp-image-1319\" src=\"https:\/\/kosmetika-lenka.cz\/wp-content\/uploads\/2021\/05\/Hyaluron-N-Medical.jpg\" alt=\"\" width=\"986\" height=\"453\" srcset=\"https:\/\/kosmetika-lenka.cz\/wp-content\/uploads\/2021\/05\/Hyaluron-N-Medical.jpg 7780w, https:\/\/kosmetika-lenka.cz\/wp-content\/uploads\/2021\/05\/Hyaluron-N-Medical-300x138.jpg 300w, https:\/\/kosmetika-lenka.cz\/wp-content\/uploads\/2021\/05\/Hyaluron-N-Medical-768x353.jpg 768w, https:\/\/kosmetika-lenka.cz\/wp-content\/uploads\/2021\/05\/Hyaluron-N-Medical-1024x470.jpg 1024w, https:\/\/kosmetika-lenka.cz\/wp-content\/uploads\/2021\/05\/Hyaluron-N-Medical-520x239.jpg 520w, https:\/\/kosmetika-lenka.cz\/wp-content\/uploads\/2021\/05\/Hyaluron-N-Medical-740x340.jpg 740w\" sizes=\"(max-width: 986px) 100vw, 986px\" \/><br \/>\n&nbsp;<\/p>\n<p style=\"text-align: center;\"><img loading=\"lazy\" decoding=\"async\" class=\"aligncenter wp-image-1939\" src=\"https:\/\/kosmetika-lenka.cz\/wp-content\/uploads\/2022\/09\/Laminace-obo\u010d\u00ed-1.jpg\" alt=\"\" width=\"848\" height=\"415\" srcset=\"https:\/\/kosmetika-lenka.cz\/wp-content\/uploads\/2022\/09\/Laminace-obo\u010d\u00ed-1.jpg 6224w, https:\/\/kosmetika-lenka.cz\/wp-content\/uploads\/2022\/09\/Laminace-obo\u010d\u00ed-1-300x147.jpg 300w, https:\/\/kosmetika-lenka.cz\/wp-content\/uploads\/2022\/09\/Laminace-obo\u010d\u00ed-1-768x376.jpg 768w, https:\/\/kosmetika-lenka.cz\/wp-content\/uploads\/2022\/09\/Laminace-obo\u010d\u00ed-1-1024x501.jpg 1024w, https:\/\/kosmetika-lenka.cz\/wp-content\/uploads\/2022\/09\/Laminace-obo\u010d\u00ed-1-520x254.jpg 520w, https:\/\/kosmetika-lenka.cz\/wp-content\/uploads\/2022\/09\/Laminace-obo\u010d\u00ed-1-740x362.jpg 740w\" sizes=\"(max-width: 848px) 100vw, 848px\" \/><\/p>\n<p style=\"text-align: center;\">&nbsp;<\/p>\n<p style=\"text-align: center;\"><img loading=\"lazy\" decoding=\"async\" class=\"aligncenter wp-image-2057\" src=\"https:\/\/kosmetika-lenka.cz\/wp-content\/uploads\/2022\/12\/Mezoterapie.jpg\" alt=\"\" width=\"695\" height=\"505\" srcset=\"https:\/\/kosmetika-lenka.cz\/wp-content\/uploads\/2022\/12\/Mezoterapie.jpg 4392w, https:\/\/kosmetika-lenka.cz\/wp-content\/uploads\/2022\/12\/Mezoterapie-300x218.jpg 300w, https:\/\/kosmetika-lenka.cz\/wp-content\/uploads\/2022\/12\/Mezoterapie-768x558.jpg 768w, https:\/\/kosmetika-lenka.cz\/wp-content\/uploads\/2022\/12\/Mezoterapie-1024x744.jpg 1024w, https:\/\/kosmetika-lenka.cz\/wp-content\/uploads\/2022\/12\/Mezoterapie-520x378.jpg 520w, https:\/\/kosmetika-lenka.cz\/wp-content\/uploads\/2022\/12\/Mezoterapie-740x537.jpg 740w\" sizes=\"(max-width: 695px) 100vw, 695px\" \/><\/p>\n<p>&nbsp;<\/p>\n<p style=\"text-align: center;\"><img loading=\"lazy\" decoding=\"async\" class=\"aligncenter wp-image-1940\" src=\"https:\/\/kosmetika-lenka.cz\/wp-content\/uploads\/2022\/09\/Maska-Omnilux.jpg\" alt=\"\" width=\"608\" height=\"488\" srcset=\"https:\/\/kosmetika-lenka.cz\/wp-content\/uploads\/2022\/09\/Maska-Omnilux.jpg 3878w, https:\/\/kosmetika-lenka.cz\/wp-content\/uploads\/2022\/09\/Maska-Omnilux-300x241.jpg 300w, https:\/\/kosmetika-lenka.cz\/wp-content\/uploads\/2022\/09\/Maska-Omnilux-768x617.jpg 768w, https:\/\/kosmetika-lenka.cz\/wp-content\/uploads\/2022\/09\/Maska-Omnilux-1024x823.jpg 1024w, https:\/\/kosmetika-lenka.cz\/wp-content\/uploads\/2022\/09\/Maska-Omnilux-520x418.jpg 520w, https:\/\/kosmetika-lenka.cz\/wp-content\/uploads\/2022\/09\/Maska-Omnilux-740x594.jpg 740w\" sizes=\"(max-width: 608px) 100vw, 608px\" \/><\/p>\n<p>&nbsp;<\/p>\n<p style=\"text-align: center;\"><img loading=\"lazy\" decoding=\"async\" class=\"aligncenter wp-image-1332\" src=\"https:\/\/kosmetika-lenka.cz\/wp-content\/uploads\/2021\/05\/Purl\u00e9s-1.jpg\" alt=\"\" width=\"767\" height=\"597\" srcset=\"https:\/\/kosmetika-lenka.cz\/wp-content\/uploads\/2021\/05\/Purl\u00e9s-1.jpg 6238w, https:\/\/kosmetika-lenka.cz\/wp-content\/uploads\/2021\/05\/Purl\u00e9s-1-300x233.jpg 300w, https:\/\/kosmetika-lenka.cz\/wp-content\/uploads\/2021\/05\/Purl\u00e9s-1-768x597.jpg 768w, https:\/\/kosmetika-lenka.cz\/wp-content\/uploads\/2021\/05\/Purl\u00e9s-1-1024x797.jpg 1024w, https:\/\/kosmetika-lenka.cz\/wp-content\/uploads\/2021\/05\/Purl\u00e9s-1-520x405.jpg 520w, https:\/\/kosmetika-lenka.cz\/wp-content\/uploads\/2021\/05\/Purl\u00e9s-1-740x576.jpg 740w\" sizes=\"(max-width: 767px) 100vw, 767px\" \/><\/p>\n<p>&nbsp;<\/p>\n<p style=\"text-align: center;\"><img loading=\"lazy\" decoding=\"async\" class=\"aligncenter wp-image-1325\" src=\"https:\/\/kosmetika-lenka.cz\/wp-content\/uploads\/2021\/05\/Laser-Sparidonn-1.jpg\" alt=\"\" width=\"952\" height=\"731\" srcset=\"https:\/\/kosmetika-lenka.cz\/wp-content\/uploads\/2021\/05\/Laser-Sparidonn-1.jpg 5684w, https:\/\/kosmetika-lenka.cz\/wp-content\/uploads\/2021\/05\/Laser-Sparidonn-1-300x230.jpg 300w, https:\/\/kosmetika-lenka.cz\/wp-content\/uploads\/2021\/05\/Laser-Sparidonn-1-768x590.jpg 768w, https:\/\/kosmetika-lenka.cz\/wp-content\/uploads\/2021\/05\/Laser-Sparidonn-1-1024x786.jpg 1024w, https:\/\/kosmetika-lenka.cz\/wp-content\/uploads\/2021\/05\/Laser-Sparidonn-1-520x399.jpg 520w, https:\/\/kosmetika-lenka.cz\/wp-content\/uploads\/2021\/05\/Laser-Sparidonn-1-740x568.jpg 740w\" sizes=\"(max-width: 952px) 100vw, 952px\" \/><\/p>\n<p style=\"text-align: center;\"><img decoding=\"async\" class=\"aligncenter size-full wp-image-1143\" src=\"https:\/\/kosmetika-lenka.cz\/wp-content\/uploads\/2020\/09\/2020-09.jpg\" alt=\"\"><\/p>\n<p style=\"text-align: center;\"><img loading=\"lazy\" decoding=\"async\" class=\"aligncenter wp-image-1321\" src=\"https:\/\/kosmetika-lenka.cz\/wp-content\/uploads\/2021\/05\/Lash-lifting.jpg\" alt=\"\" width=\"656\" height=\"627\" srcset=\"https:\/\/kosmetika-lenka.cz\/wp-content\/uploads\/2021\/05\/Lash-lifting.jpg 5435w, https:\/\/kosmetika-lenka.cz\/wp-content\/uploads\/2021\/05\/Lash-lifting-300x287.jpg 300w, https:\/\/kosmetika-lenka.cz\/wp-content\/uploads\/2021\/05\/Lash-lifting-768x735.jpg 768w, https:\/\/kosmetika-lenka.cz\/wp-content\/uploads\/2021\/05\/Lash-lifting-1024x980.jpg 1024w, https:\/\/kosmetika-lenka.cz\/wp-content\/uploads\/2021\/05\/Lash-lifting-520x497.jpg 520w, https:\/\/kosmetika-lenka.cz\/wp-content\/uploads\/2021\/05\/Lash-lifting-740x708.jpg 740w\" sizes=\"(max-width: 656px) 100vw, 656px\" \/><\/p>\n<p style=\"text-align: center;\">&nbsp;<\/p>\n<p style=\"text-align: center;\">&nbsp;<\/p>\n<p style=\"text-align: center;\">&nbsp;<\/p>\n<p>&nbsp;<\/p>\n<p>&nbsp;<\/p>\n<p>&nbsp;<\/p>\n<p style=\"text-align: right;\">&nbsp;<\/p>\n<p>&nbsp;<\/p>\n<p style=\"text-align: center;\">&nbsp;<\/p>\n<p>&nbsp;<\/p>\n<p style=\"text-align: center;\">&nbsp;<\/p>\n<p>&nbsp;<\/p>\n","protected":false},"excerpt":{"rendered":"<p>SKV\u011aL\u00c9 NAB\u00cdDKY P\u0158\u00cdMO PRO V\u00c1S &nbsp; &nbsp; &nbsp; &nbsp; &nbsp; &nbsp; &nbsp; &nbsp; &nbsp; &nbsp; &nbsp; &nbsp; &nbsp; &nbsp; &nbsp; &nbsp; &nbsp; &nbsp; &nbsp; &nbsp; &nbsp;<\/p>\n","protected":false},"author":1,"featured_media":0,"parent":0,"menu_order":0,"comment_status":"closed","ping_status":"closed","template":"page-templates\/page_fullwidth.php","meta":{"ngg_post_thumbnail":0,"footnotes":""},"_links":{"self":[{"href":"https:\/\/kosmetika-lenka.cz\/index.php?rest_route=\/wp\/v2\/pages\/186"}],"collection":[{"href":"https:\/\/kosmetika-lenka.cz\/index.php?rest_route=\/wp\/v2\/pages"}],"about":[{"href":"https:\/\/kosmetika-lenka.cz\/index.php?rest_route=\/wp\/v2\/types\/page"}],"author":[{"embeddable":true,"href":"https:\/\/kosmetika-lenka.cz\/index.php?rest_route=\/wp\/v2\/users\/1"}],"replies":[{"embeddable":true,"href":"https:\/\/kosmetika-lenka.cz\/index.php?rest_route=%2Fwp%2Fv2%2Fcomments&post=186"}],"version-history":[{"count":59,"href":"https:\/\/kosmetika-lenka.cz\/index.php?rest_route=\/wp\/v2\/pages\/186\/revisions"}],"predecessor-version":[{"id":3044,"href":"https:\/\/kosmetika-lenka.cz\/index.php?rest_route=\/wp\/v2\/pages\/186\/revisions\/3044"}],"wp:attachment":[{"href":"https:\/\/kosmetika-lenka.cz\/index.php?rest_route=%2Fwp%2Fv2%2Fmedia&parent=186"}],"curies":[{"name":"wp","href":"https:\/\/api.w.org\/{rel}","templated":true}]}}