{"id":185,"date":"2018-10-21T16:12:35","date_gmt":"2018-10-21T14:12:35","guid":{"rendered":"http:\/\/kosmetika-lenka.cz\/?page_id=185"},"modified":"2026-03-30T18:07:09","modified_gmt":"2026-03-30T16:07:09","slug":"hlavni-stranka","status":"publish","type":"page","link":"https:\/\/kosmetika-lenka.cz\/","title":{"rendered":"Hlavn\u00ed str\u00e1nka"},"content":{"rendered":"<p>&nbsp;<\/p>\n<p style=\"text-align: center;\"><img loading=\"lazy\" decoding=\"async\" class=\"aligncenter  wp-image-3333\" src=\"https:\/\/kosmetika-lenka.cz\/wp-content\/uploads\/2026\/03\/2026.jpg\" alt=\"\" width=\"610\" height=\"446\" srcset=\"https:\/\/kosmetika-lenka.cz\/wp-content\/uploads\/2026\/03\/2026.jpg 2500w, https:\/\/kosmetika-lenka.cz\/wp-content\/uploads\/2026\/03\/2026-300x219.jpg 300w, https:\/\/kosmetika-lenka.cz\/wp-content\/uploads\/2026\/03\/2026-1024x748.jpg 1024w, https:\/\/kosmetika-lenka.cz\/wp-content\/uploads\/2026\/03\/2026-768x561.jpg 768w, https:\/\/kosmetika-lenka.cz\/wp-content\/uploads\/2026\/03\/2026-1536x1121.jpg 1536w, https:\/\/kosmetika-lenka.cz\/wp-content\/uploads\/2026\/03\/2026-2048x1495.jpg 2048w, https:\/\/kosmetika-lenka.cz\/wp-content\/uploads\/2026\/03\/2026-520x380.jpg 520w, https:\/\/kosmetika-lenka.cz\/wp-content\/uploads\/2026\/03\/2026-740x540.jpg 740w\" sizes=\"(max-width: 610px) 100vw, 610px\" \/><\/p>\n<p>&nbsp;<\/p>\n<h3 style=\"text-align: center;\">Provoz na\u0161eho kosmetick\u00e9ho salonu byl zah\u00e1jen ji\u017e v roce 1991.&nbsp;Na\u0161e slu\u017eby byly modernizov\u00e1ny a roz\u0161\u00ed\u0159eny a\u017e do dne\u0161n\u00ed podoby,<br \/>\naby st\u00e1le odpov\u00eddaly nejnov\u011bj\u0161\u00edm trend\u016fm a n\u00e1ro\u010dn\u00fdm po\u017eadavk\u016fm doby.&nbsp;<\/h3>\n<h3 style=\"text-align: center;\">T\u011b\u0161\u00edme se na ka\u017edou Va\u0161i n\u00e1v\u0161t\u011bvu v p\u0159\u00edjemn\u00e9m prost\u0159ed\u00ed s kvalitn\u00edmi slu\u017ebami.<\/h3>\n<p style=\"text-align: center;\">&nbsp;<\/p>\nngg_shortcode_0_placeholder\n<h3 style=\"text-align: center;\">Slu\u017eby u Lenky Jaro\u0161ov\u00e9 lze uhradit tak\u00e9 platebn\u00ed kartou.<\/h3>\n","protected":false},"excerpt":{"rendered":"<p>&nbsp; &nbsp; Provoz na\u0161eho kosmetick\u00e9ho salonu byl zah\u00e1jen ji\u017e v roce 1991.&nbsp;Na\u0161e slu\u017eby byly modernizov\u00e1ny a roz\u0161\u00ed\u0159eny a\u017e do dne\u0161n\u00ed podoby, aby st\u00e1le odpov\u00eddaly nejnov\u011bj\u0161\u00edm trend\u016fm a n\u00e1ro\u010dn\u00fdm po\u017eadavk\u016fm doby.&nbsp; T\u011b\u0161\u00edme se na ka\u017edou Va\u0161i<a class=\"read-more\" href=\"https:\/\/kosmetika-lenka.cz\/\">Continue reading<\/a><\/p>\n","protected":false},"author":1,"featured_media":0,"parent":0,"menu_order":0,"comment_status":"closed","ping_status":"closed","template":"page-templates\/page_fullwidth.php","meta":{"ngg_post_thumbnail":0,"footnotes":""},"_links":{"self":[{"href":"https:\/\/kosmetika-lenka.cz\/index.php?rest_route=\/wp\/v2\/pages\/185"}],"collection":[{"href":"https:\/\/kosmetika-lenka.cz\/index.php?rest_route=\/wp\/v2\/pages"}],"about":[{"href":"https:\/\/kosmetika-lenka.cz\/index.php?rest_route=\/wp\/v2\/types\/page"}],"author":[{"embeddable":true,"href":"https:\/\/kosmetika-lenka.cz\/index.php?rest_route=\/wp\/v2\/users\/1"}],"replies":[{"embeddable":true,"href":"https:\/\/kosmetika-lenka.cz\/index.php?rest_route=%2Fwp%2Fv2%2Fcomments&post=185"}],"version-history":[{"count":106,"href":"https:\/\/kosmetika-lenka.cz\/index.php?rest_route=\/wp\/v2\/pages\/185\/revisions"}],"predecessor-version":[{"id":3334,"href":"https:\/\/kosmetika-lenka.cz\/index.php?rest_route=\/wp\/v2\/pages\/185\/revisions\/3334"}],"wp:attachment":[{"href":"https:\/\/kosmetika-lenka.cz\/index.php?rest_route=%2Fwp%2Fv2%2Fmedia&parent=185"}],"curies":[{"name":"wp","href":"https:\/\/api.w.org\/{rel}","templated":true}]}}